{"id":423,"date":"2025-04-13T23:21:26","date_gmt":"2025-04-13T21:21:26","guid":{"rendered":"https:\/\/www.skopelos.net\/christina\/?page_id=423"},"modified":"2025-04-28T23:04:04","modified_gmt":"2025-04-28T21:04:04","slug":"reviews","status":"publish","type":"page","link":"https:\/\/www.skopelos.net\/christina\/reviews\/","title":{"rendered":"Reviews verified by Trustindex"},"content":{"rendered":"<div class=\"wpb-content-wrapper\"><p>[vc_row][vc_column offset=&#8221;vc_hidden-xs&#8221;][vc_column_text css_animation=&#8221;slideInLeft&#8221; css=&#8221;&#8221;]<\/p>\n<h4><span style=\"color: #336633;\">Don\u2019t take our word for it. Guests of Christina\u2019s Cottage say it best.<\/span><\/h4>\n<p>[\/vc_column_text][\/vc_column][\/vc_row][vc_row][vc_column offset=&#8221;vc_hidden-lg vc_hidden-md vc_hidden-sm&#8221;][vc_column_text css_animation=&#8221;appear&#8221; css=&#8221;&#8221;]<\/p>\n<h4><span style=\"color: #336633;\">Don\u2019t take our word for it.<br \/>\nGuests of Christina\u2019s Cottage say it best.<\/span><\/h4>\n<p>[\/vc_column_text][\/vc_column][\/vc_row][vc_row][vc_column][vc_column_text css=&#8221;&#8221;]<pre class=\"ti-widget\"><template id=\"trustindex-airbnb-widget-html\"><div class=\" ti-widget  ti-airb ti-disable-animation ti-review-text-mode-readmore ti-text-align-left\" data-no-translation=\"true\" data-plugin-version=\"13.2.8\" data-layout-id=\"16\" data-layout-category=\"grid\" data-set-id=\"light-minimal\" data-pid=\"\" data-language=\"en\" data-close-locale=\"Close\" data-review-target-width=\"300\" data-css-version=\"2\" data-reply-by-locale=\"Owner's reply\" data-only-rating-locale=\"This user only left a rating.\" data-load-more-rows=\"3\"> <div class=\"ti-widget-container ti-col-3\"> <div class=\"ti-reviews-container\"> <div class=\"ti-reviews-container-wrapper\">  <div data-empty=\"0\" class=\"ti-review-item source-Airbnb ti-image-layout-thumbnail\" data-id=\"cfcd208495d565ef66e7dff9f98764da\"> <div class=\"ti-inner\"> <div class=\"ti-review-header\"> <div class=\"ti-platform-icon ti-with-tooltip\"> <span class=\"ti-tooltip\">Posted on <\/span> <trustindex-image data-imgurl=\"https:\/\/cdn.trustindex.io\/assets\/platform\/Airbnb\/icon.svg\" alt=\"\" width=\"20\" height=\"20\" loading=\"lazy\"><\/trustindex-image> <\/div> <div class=\"ti-profile-img\"> <trustindex-image data-imgurl=\"https:\/\/a0.muscache.com\/im\/pictures\/user\/User-129683955\/original\/b9199998-3912-4258-9bea-a1579524c86e.jpeg\" alt=\"Marco profile picture\" loading=\"lazy\"><\/trustindex-image> <\/div> <div class=\"ti-profile-details\"> <div class=\"ti-name\"> Marco <\/div> <div class=\"ti-date\">October 2, 2025<\/div> <\/div> <\/div> <span class=\"ti-stars\"><trustindex-image class=\"ti-star\" data-imgurl=\"https:\/\/cdn.trustindex.io\/assets\/platform\/Default\/star\/f.svg\" alt=\"Airbnb\" width=\"17\" height=\"17\" loading=\"lazy\"><\/trustindex-image><trustindex-image class=\"ti-star\" data-imgurl=\"https:\/\/cdn.trustindex.io\/assets\/platform\/Default\/star\/f.svg\" alt=\"Airbnb\" width=\"17\" height=\"17\" loading=\"lazy\"><\/trustindex-image><trustindex-image class=\"ti-star\" data-imgurl=\"https:\/\/cdn.trustindex.io\/assets\/platform\/Default\/star\/f.svg\" alt=\"Airbnb\" width=\"17\" height=\"17\" loading=\"lazy\"><\/trustindex-image><trustindex-image class=\"ti-star\" data-imgurl=\"https:\/\/cdn.trustindex.io\/assets\/platform\/Default\/star\/f.svg\" alt=\"Airbnb\" width=\"17\" height=\"17\" loading=\"lazy\"><\/trustindex-image><trustindex-image class=\"ti-star\" data-imgurl=\"https:\/\/cdn.trustindex.io\/assets\/platform\/Default\/star\/f.svg\" alt=\"Airbnb\" width=\"17\" height=\"17\" loading=\"lazy\"><\/trustindex-image><\/span> <div class=\"ti-review-text-container ti-review-content\"><!-- R-CONTENT -->Wir hatten eine wunderbare Zeit in der sch\u00f6nen und ruhig gelegenen Villa Christina. Die Gastgeber waren sehr herzlich und immer gut erreichbar. Sie haben uns stets bei Fragen ausgeholfen und dar\u00fcber hinaus haben wir selbstgemachte Marmelade bekommen :) die Unterkunft hat alles was man braucht. Man kann auch kochen und hat viel Platz im Garten.Kurz gesagt: unkompliziert und sch\u00f6n :)<!-- R-CONTENT --><\/div> <span class=\"ti-read-more\" data-container=\".ti-review-content\" data-collapse-text=\"Hide\" data-open-text=\"Read more\"><\/span> <\/div> <\/div>  <div data-empty=\"0\" class=\"ti-review-item source-Airbnb ti-image-layout-thumbnail\" data-id=\"cfcd208495d565ef66e7dff9f98764da\"> <div class=\"ti-inner\"> <div class=\"ti-review-header\"> <div class=\"ti-platform-icon ti-with-tooltip\"> <span class=\"ti-tooltip\">Posted on <\/span> <trustindex-image data-imgurl=\"https:\/\/cdn.trustindex.io\/assets\/platform\/Airbnb\/icon.svg\" alt=\"\" width=\"20\" height=\"20\" loading=\"lazy\"><\/trustindex-image> <\/div> <div class=\"ti-profile-img\"> <trustindex-image data-imgurl=\"https:\/\/a0.muscache.com\/im\/pictures\/user\/User\/original\/c3e8f949-eb41-41d4-9570-582ebd97d0b0.jpeg\" alt=\"Jewel profile picture\" loading=\"lazy\"><\/trustindex-image> <\/div> <div class=\"ti-profile-details\"> <div class=\"ti-name\"> Jewel <\/div> <div class=\"ti-date\">September 4, 2025<\/div> <\/div> <\/div> <span class=\"ti-stars\"><trustindex-image class=\"ti-star\" data-imgurl=\"https:\/\/cdn.trustindex.io\/assets\/platform\/Default\/star\/f.svg\" alt=\"Airbnb\" width=\"17\" height=\"17\" loading=\"lazy\"><\/trustindex-image><trustindex-image class=\"ti-star\" data-imgurl=\"https:\/\/cdn.trustindex.io\/assets\/platform\/Default\/star\/f.svg\" alt=\"Airbnb\" width=\"17\" height=\"17\" loading=\"lazy\"><\/trustindex-image><trustindex-image class=\"ti-star\" data-imgurl=\"https:\/\/cdn.trustindex.io\/assets\/platform\/Default\/star\/f.svg\" alt=\"Airbnb\" width=\"17\" height=\"17\" loading=\"lazy\"><\/trustindex-image><trustindex-image class=\"ti-star\" data-imgurl=\"https:\/\/cdn.trustindex.io\/assets\/platform\/Default\/star\/f.svg\" alt=\"Airbnb\" width=\"17\" height=\"17\" loading=\"lazy\"><\/trustindex-image><trustindex-image class=\"ti-star\" data-imgurl=\"https:\/\/cdn.trustindex.io\/assets\/platform\/Default\/star\/f.svg\" alt=\"Airbnb\" width=\"17\" height=\"17\" loading=\"lazy\"><\/trustindex-image><\/span> <div class=\"ti-review-text-container ti-review-content\"><!-- R-CONTENT -->We really enjoyed our stay. The house is located on a beautiful little property surrounded by trees. My favourite part about the Airbnb was the garden, it felt peaceful and homely. We loved laying on the hammocks while reading our books and the outdoor shower was a refreshing way to finish a long beach day! Airbnb was run by a lovely family. If we ever come back to skopelos, we would definitely stay here again. Thank you!!<!-- R-CONTENT --><\/div> <span class=\"ti-read-more\" data-container=\".ti-review-content\" data-collapse-text=\"Hide\" data-open-text=\"Read more\"><\/span> <\/div> <\/div>  <div data-empty=\"0\" class=\"ti-review-item source-Airbnb ti-image-layout-thumbnail\" data-id=\"cfcd208495d565ef66e7dff9f98764da\"> <div class=\"ti-inner\"> <div class=\"ti-review-header\"> <div class=\"ti-platform-icon ti-with-tooltip\"> <span class=\"ti-tooltip\">Posted on <\/span> <trustindex-image data-imgurl=\"https:\/\/cdn.trustindex.io\/assets\/platform\/Airbnb\/icon.svg\" alt=\"\" width=\"20\" height=\"20\" loading=\"lazy\"><\/trustindex-image> <\/div> <div class=\"ti-profile-img\"> <trustindex-image data-imgurl=\"https:\/\/a0.muscache.com\/im\/pictures\/user\/User-69793888\/original\/7a6c49f4-821f-4f68-a658-8d9ac2df218e.jpeg\" alt=\"Christos profile picture\" loading=\"lazy\"><\/trustindex-image> <\/div> <div class=\"ti-profile-details\"> <div class=\"ti-name\"> Christos <\/div> <div class=\"ti-date\">August 14, 2025<\/div> <\/div> <\/div> <span class=\"ti-stars\"><trustindex-image class=\"ti-star\" data-imgurl=\"https:\/\/cdn.trustindex.io\/assets\/platform\/Default\/star\/f.svg\" alt=\"Airbnb\" width=\"17\" height=\"17\" loading=\"lazy\"><\/trustindex-image><trustindex-image class=\"ti-star\" data-imgurl=\"https:\/\/cdn.trustindex.io\/assets\/platform\/Default\/star\/f.svg\" alt=\"Airbnb\" width=\"17\" height=\"17\" loading=\"lazy\"><\/trustindex-image><trustindex-image class=\"ti-star\" data-imgurl=\"https:\/\/cdn.trustindex.io\/assets\/platform\/Default\/star\/f.svg\" alt=\"Airbnb\" width=\"17\" height=\"17\" loading=\"lazy\"><\/trustindex-image><trustindex-image class=\"ti-star\" data-imgurl=\"https:\/\/cdn.trustindex.io\/assets\/platform\/Default\/star\/f.svg\" alt=\"Airbnb\" width=\"17\" height=\"17\" loading=\"lazy\"><\/trustindex-image><trustindex-image class=\"ti-star\" data-imgurl=\"https:\/\/cdn.trustindex.io\/assets\/platform\/Default\/star\/f.svg\" alt=\"Airbnb\" width=\"17\" height=\"17\" loading=\"lazy\"><\/trustindex-image><\/span> <div class=\"ti-review-text-container ti-review-content\"><!-- R-CONTENT -->Asimina was a wonderful host. She catered to all our needs and was really responsive to all those things that emerged. We will most definitely be visiting again! Thank you!!!<!-- R-CONTENT --><\/div> <span class=\"ti-read-more\" data-container=\".ti-review-content\" data-collapse-text=\"Hide\" data-open-text=\"Read more\"><\/span> <\/div> <\/div>  <div data-empty=\"0\" class=\"ti-review-item source-Airbnb ti-image-layout-thumbnail\" data-id=\"cfcd208495d565ef66e7dff9f98764da\"> <div class=\"ti-inner\"> <div class=\"ti-review-header\"> <div class=\"ti-platform-icon ti-with-tooltip\"> <span class=\"ti-tooltip\">Posted on <\/span> <trustindex-image data-imgurl=\"https:\/\/cdn.trustindex.io\/assets\/platform\/Airbnb\/icon.svg\" alt=\"\" width=\"20\" height=\"20\" loading=\"lazy\"><\/trustindex-image> <\/div> <div class=\"ti-profile-img\"> <trustindex-image data-imgurl=\"https:\/\/a0.muscache.com\/im\/pictures\/user\/User\/original\/92f3ece5-ef6e-4f86-a195-fc09dd5ba131.jpeg\" alt=\"David profile picture\" loading=\"lazy\"><\/trustindex-image> <\/div> <div class=\"ti-profile-details\"> <div class=\"ti-name\"> David <\/div> <div class=\"ti-date\">September 9, 2024<\/div> <\/div> <\/div> <span class=\"ti-stars\"><trustindex-image class=\"ti-star\" data-imgurl=\"https:\/\/cdn.trustindex.io\/assets\/platform\/Default\/star\/f.svg\" alt=\"Airbnb\" width=\"17\" height=\"17\" loading=\"lazy\"><\/trustindex-image><trustindex-image class=\"ti-star\" data-imgurl=\"https:\/\/cdn.trustindex.io\/assets\/platform\/Default\/star\/f.svg\" alt=\"Airbnb\" width=\"17\" height=\"17\" loading=\"lazy\"><\/trustindex-image><trustindex-image class=\"ti-star\" data-imgurl=\"https:\/\/cdn.trustindex.io\/assets\/platform\/Default\/star\/f.svg\" alt=\"Airbnb\" width=\"17\" height=\"17\" loading=\"lazy\"><\/trustindex-image><trustindex-image class=\"ti-star\" data-imgurl=\"https:\/\/cdn.trustindex.io\/assets\/platform\/Default\/star\/f.svg\" alt=\"Airbnb\" width=\"17\" height=\"17\" loading=\"lazy\"><\/trustindex-image><trustindex-image class=\"ti-star\" data-imgurl=\"https:\/\/cdn.trustindex.io\/assets\/platform\/Default\/star\/f.svg\" alt=\"Airbnb\" width=\"17\" height=\"17\" loading=\"lazy\"><\/trustindex-image><\/span> <div class=\"ti-review-text-container ti-review-content\"><!-- R-CONTENT -->Logement tr\u00e8s bien \u00e9quip\u00e9, tr\u00e8s calme avec jardin tr\u00e8s agr\u00e9able et reposant Id\u00e9alement situ\u00e9 proche de Skopelos ville et des + belles plages. Moyen de locomotion indispensable pour profiter de l\u2019\u00eele.Excellente communication avec Mina et Costas, qui sont des h\u00f4tes vraiment charmants et aux petits soins avec leurs visiteurs.Nous recommandons vivement cet h\u00e9bergement.<!-- R-CONTENT --><\/div> <span class=\"ti-read-more\" data-container=\".ti-review-content\" data-collapse-text=\"Hide\" data-open-text=\"Read more\"><\/span> <\/div> <\/div>  <div data-empty=\"0\" class=\"ti-review-item source-Airbnb ti-image-layout-thumbnail\" data-id=\"cfcd208495d565ef66e7dff9f98764da\"> <div class=\"ti-inner\"> <div class=\"ti-review-header\"> <div class=\"ti-platform-icon ti-with-tooltip\"> <span class=\"ti-tooltip\">Posted on <\/span> <trustindex-image data-imgurl=\"https:\/\/cdn.trustindex.io\/assets\/platform\/Airbnb\/icon.svg\" alt=\"\" width=\"20\" height=\"20\" loading=\"lazy\"><\/trustindex-image> <\/div> <div class=\"ti-profile-img\"> <trustindex-image data-imgurl=\"https:\/\/a0.muscache.com\/im\/pictures\/user\/7566b6a9-e152-4bed-ae4f-d7614ccfd0e2.jpg\" alt=\"Eli profile picture\" loading=\"lazy\"><\/trustindex-image> <\/div> <div class=\"ti-profile-details\"> <div class=\"ti-name\"> Eli <\/div> <div class=\"ti-date\">August 24, 2024<\/div> <\/div> <\/div> <span class=\"ti-stars\"><trustindex-image class=\"ti-star\" data-imgurl=\"https:\/\/cdn.trustindex.io\/assets\/platform\/Default\/star\/f.svg\" alt=\"Airbnb\" width=\"17\" height=\"17\" loading=\"lazy\"><\/trustindex-image><trustindex-image class=\"ti-star\" data-imgurl=\"https:\/\/cdn.trustindex.io\/assets\/platform\/Default\/star\/f.svg\" alt=\"Airbnb\" width=\"17\" height=\"17\" loading=\"lazy\"><\/trustindex-image><trustindex-image class=\"ti-star\" data-imgurl=\"https:\/\/cdn.trustindex.io\/assets\/platform\/Default\/star\/f.svg\" alt=\"Airbnb\" width=\"17\" height=\"17\" loading=\"lazy\"><\/trustindex-image><trustindex-image class=\"ti-star\" data-imgurl=\"https:\/\/cdn.trustindex.io\/assets\/platform\/Default\/star\/f.svg\" alt=\"Airbnb\" width=\"17\" height=\"17\" loading=\"lazy\"><\/trustindex-image><trustindex-image class=\"ti-star\" data-imgurl=\"https:\/\/cdn.trustindex.io\/assets\/platform\/Default\/star\/f.svg\" alt=\"Airbnb\" width=\"17\" height=\"17\" loading=\"lazy\"><\/trustindex-image><\/span> <div class=\"ti-review-text-container ti-review-content\"><!-- R-CONTENT -->Great place! Very peaceful secluded cottage, and it worked out perfectly with our friends staying in the nearby bigger house. Great location halfway between the town and Stafilos beach.<!-- R-CONTENT --><\/div> <span class=\"ti-read-more\" data-container=\".ti-review-content\" data-collapse-text=\"Hide\" data-open-text=\"Read more\"><\/span> <\/div> <\/div>  <div data-empty=\"0\" class=\"ti-review-item source-Airbnb ti-image-layout-thumbnail\" data-id=\"cfcd208495d565ef66e7dff9f98764da\"> <div class=\"ti-inner\"> <div class=\"ti-review-header\"> <div class=\"ti-platform-icon ti-with-tooltip\"> <span class=\"ti-tooltip\">Posted on <\/span> <trustindex-image data-imgurl=\"https:\/\/cdn.trustindex.io\/assets\/platform\/Airbnb\/icon.svg\" alt=\"\" width=\"20\" height=\"20\" loading=\"lazy\"><\/trustindex-image> <\/div> <div class=\"ti-profile-img\"> <trustindex-image data-imgurl=\"https:\/\/a0.muscache.com\/im\/pictures\/user\/f4864c38-dff0-4714-b58a-02267df0a530.jpg\" alt=\"Kari Marte profile picture\" loading=\"lazy\"><\/trustindex-image> <\/div> <div class=\"ti-profile-details\"> <div class=\"ti-name\"> Kari Marte <\/div> <div class=\"ti-date\">August 10, 2023<\/div> <\/div> <\/div> <span class=\"ti-stars\"><trustindex-image class=\"ti-star\" data-imgurl=\"https:\/\/cdn.trustindex.io\/assets\/platform\/Default\/star\/f.svg\" alt=\"Airbnb\" width=\"17\" height=\"17\" loading=\"lazy\"><\/trustindex-image><trustindex-image class=\"ti-star\" data-imgurl=\"https:\/\/cdn.trustindex.io\/assets\/platform\/Default\/star\/f.svg\" alt=\"Airbnb\" width=\"17\" height=\"17\" loading=\"lazy\"><\/trustindex-image><trustindex-image class=\"ti-star\" data-imgurl=\"https:\/\/cdn.trustindex.io\/assets\/platform\/Default\/star\/f.svg\" alt=\"Airbnb\" width=\"17\" height=\"17\" loading=\"lazy\"><\/trustindex-image><trustindex-image class=\"ti-star\" data-imgurl=\"https:\/\/cdn.trustindex.io\/assets\/platform\/Default\/star\/f.svg\" alt=\"Airbnb\" width=\"17\" height=\"17\" loading=\"lazy\"><\/trustindex-image><trustindex-image class=\"ti-star\" data-imgurl=\"https:\/\/cdn.trustindex.io\/assets\/platform\/Default\/star\/f.svg\" alt=\"Airbnb\" width=\"17\" height=\"17\" loading=\"lazy\"><\/trustindex-image><\/span> <div class=\"ti-review-text-container ti-review-content\"><!-- R-CONTENT -->We had wonderful days at villa Christina. The house has a perfect size for two people and has all the fascitilies you need. The garden is relaxing and cozy and the outdoor shower is amazing. The big trees in the garden makes good shadows at warm and sunny days. Kostas and Mina were so kind and lovely. We really appreciated having them as hosts and felt very welcome at their property. Amazing people. We strongly recommend Villa Christina as a house for your holidays!<!-- R-CONTENT --><\/div> <span class=\"ti-read-more\" data-container=\".ti-review-content\" data-collapse-text=\"Hide\" data-open-text=\"Read more\"><\/span> <\/div> <\/div>  <div data-empty=\"0\" class=\"ti-review-item source-Airbnb ti-image-layout-thumbnail\" data-id=\"cfcd208495d565ef66e7dff9f98764da\"> <div class=\"ti-inner\"> <div class=\"ti-review-header\"> <div class=\"ti-platform-icon ti-with-tooltip\"> <span class=\"ti-tooltip\">Posted on <\/span> <trustindex-image data-imgurl=\"https:\/\/cdn.trustindex.io\/assets\/platform\/Airbnb\/icon.svg\" alt=\"\" width=\"20\" height=\"20\" loading=\"lazy\"><\/trustindex-image> <\/div> <div class=\"ti-profile-img\"> <trustindex-image data-imgurl=\"https:\/\/a0.muscache.com\/im\/pictures\/user\/497957f5-cf89-4580-aefd-4d7419a4f707.jpg\" alt=\"Paul profile picture\" loading=\"lazy\"><\/trustindex-image> <\/div> <div class=\"ti-profile-details\"> <div class=\"ti-name\"> Paul <\/div> <div class=\"ti-date\">August 1, 2023<\/div> <\/div> <\/div> <span class=\"ti-stars\"><trustindex-image class=\"ti-star\" data-imgurl=\"https:\/\/cdn.trustindex.io\/assets\/platform\/Default\/star\/f.svg\" alt=\"Airbnb\" width=\"17\" height=\"17\" loading=\"lazy\"><\/trustindex-image><trustindex-image class=\"ti-star\" data-imgurl=\"https:\/\/cdn.trustindex.io\/assets\/platform\/Default\/star\/f.svg\" alt=\"Airbnb\" width=\"17\" height=\"17\" loading=\"lazy\"><\/trustindex-image><trustindex-image class=\"ti-star\" data-imgurl=\"https:\/\/cdn.trustindex.io\/assets\/platform\/Default\/star\/f.svg\" alt=\"Airbnb\" width=\"17\" height=\"17\" loading=\"lazy\"><\/trustindex-image><trustindex-image class=\"ti-star\" data-imgurl=\"https:\/\/cdn.trustindex.io\/assets\/platform\/Default\/star\/f.svg\" alt=\"Airbnb\" width=\"17\" height=\"17\" loading=\"lazy\"><\/trustindex-image><trustindex-image class=\"ti-star\" data-imgurl=\"https:\/\/cdn.trustindex.io\/assets\/platform\/Default\/star\/f.svg\" alt=\"Airbnb\" width=\"17\" height=\"17\" loading=\"lazy\"><\/trustindex-image><\/span> <div class=\"ti-review-text-container ti-review-content\"><!-- R-CONTENT -->A lovely peaceful cottage in the Skopelos countryside, convenient for the main town but still close to the incredible beaches at Stafilos and Agnontas. I enjoyed the hammocks under the trees in particular.<!-- R-CONTENT --><\/div> <span class=\"ti-read-more\" data-container=\".ti-review-content\" data-collapse-text=\"Hide\" data-open-text=\"Read more\"><\/span> <\/div> <\/div>  <div data-empty=\"0\" class=\"ti-review-item source-Airbnb ti-image-layout-thumbnail\" data-id=\"cfcd208495d565ef66e7dff9f98764da\"> <div class=\"ti-inner\"> <div class=\"ti-review-header\"> <div class=\"ti-platform-icon ti-with-tooltip\"> <span class=\"ti-tooltip\">Posted on <\/span> <trustindex-image data-imgurl=\"https:\/\/cdn.trustindex.io\/assets\/platform\/Airbnb\/icon.svg\" alt=\"\" width=\"20\" height=\"20\" loading=\"lazy\"><\/trustindex-image> <\/div> <div class=\"ti-profile-img\"> <trustindex-image data-imgurl=\"https:\/\/a0.muscache.com\/im\/pictures\/user\/e6558562-a465-49ea-8d23-7bdab6039971.jpg\" alt=\"Erica profile picture\" loading=\"lazy\"><\/trustindex-image> <\/div> <div class=\"ti-profile-details\"> <div class=\"ti-name\"> Erica <\/div> <div class=\"ti-date\">June 8, 2022<\/div> <\/div> <\/div> <span class=\"ti-stars\"><trustindex-image class=\"ti-star\" data-imgurl=\"https:\/\/cdn.trustindex.io\/assets\/platform\/Default\/star\/f.svg\" alt=\"Airbnb\" width=\"17\" height=\"17\" loading=\"lazy\"><\/trustindex-image><trustindex-image class=\"ti-star\" data-imgurl=\"https:\/\/cdn.trustindex.io\/assets\/platform\/Default\/star\/f.svg\" alt=\"Airbnb\" width=\"17\" height=\"17\" loading=\"lazy\"><\/trustindex-image><trustindex-image class=\"ti-star\" data-imgurl=\"https:\/\/cdn.trustindex.io\/assets\/platform\/Default\/star\/f.svg\" alt=\"Airbnb\" width=\"17\" height=\"17\" loading=\"lazy\"><\/trustindex-image><trustindex-image class=\"ti-star\" data-imgurl=\"https:\/\/cdn.trustindex.io\/assets\/platform\/Default\/star\/f.svg\" alt=\"Airbnb\" width=\"17\" height=\"17\" loading=\"lazy\"><\/trustindex-image><trustindex-image class=\"ti-star\" data-imgurl=\"https:\/\/cdn.trustindex.io\/assets\/platform\/Default\/star\/f.svg\" alt=\"Airbnb\" width=\"17\" height=\"17\" loading=\"lazy\"><\/trustindex-image><\/span> <div class=\"ti-review-text-container ti-review-content\"><!-- R-CONTENT -->Wir hatten einen wunderbaren Aufenthalt in der Villa Christina. Sie bietet alles, was man sich f\u00fcr einen idealen Urlaub nur w\u00fcnschen kann, insbesondere der liebevoll gestaltete Garten, in dem man in den H\u00e4ngematten unter dem Nussbaum die Seele baumeln lassen kann. Mina, Christinas Mutter, brachte uns immer wieder Obst und selbst Eingelegtes zu uns hin\u00fcber und stand jederzeit hilfreich zur Verf\u00fcgung, wenn wir irgendetwas brauchten. Das Schlafzimmer befindet sich sehr gem\u00fctlich unter dem Dach und ist mit einer Holztreppe zu erreichen. Wir - alt und steif - haben uns dennoch nach einer Nacht daran gew\u00f6hnt. F\u00fcr J\u00fcngere kein Problem. Wir kennen viele griechische Inseln, aber das gr\u00fcne Skopelos mit seinen gut erreichbaren Traumstr\u00e4nden schl\u00e4gt alles. Nach einem viel zu kurzen Aufenthalt fuhren wir mit dem festen Entschluss ab, so bald wie m\u00f6glich wiederzukommen. Bestimmt wieder zu Villa Christina.<!-- R-CONTENT --><\/div> <span class=\"ti-read-more\" data-container=\".ti-review-content\" data-collapse-text=\"Hide\" data-open-text=\"Read more\"><\/span> <\/div> <\/div>  <\/div> <div class=\"ti-load-more-reviews-container\"> <div class=\"ti-load-more-reviews-button\">Load more<\/div> <\/div> <\/div>    <div class=\"ti-verified-by ti-verified-by-row\" data-style=\"1\"> <div class=\"ti-inner\"> Verified by Trustindex <span class=\"ti-info-icon\"><\/span> <div class=\"ti-disclaimer\">Trustindex verified badge is the Universal Symbol of Trust. Only the greatest companies can get the verified badge who has a review score above 4.5, based on customer reviews over the past 12 months. <a href=\"https:\/\/www.trustindex.io\/?a=sys&amp;c=wp-verified-badge&amp;url=\/the-trustindex-verified-badge\/\" target=\"_blank\">Read more<\/a><\/div> <\/div> <\/div>  <\/div> <\/div> <\/template><\/pre><div data-src=\"https:\/\/cdn.trustindex.io\/loader.js?wp-widget\" data-template-id=\"trustindex-airbnb-widget-html\" data-css-url=\"https:\/\/www.skopelos.net\/christina\/wp-content\/uploads\/sites\/20\/trustindex-airbnb-widget.css?1773958325\"><\/div>[\/vc_column_text][\/vc_column][\/vc_row]<\/p>\n<\/div>","protected":false},"excerpt":{"rendered":"<p>[vc_row][vc_column offset=&#8221;vc_hidden-xs&#8221;][vc_column_text css_animation=&#8221;slideInLeft&#8221; css=&#8221;&#8221;] Don\u2019t take our word for it. Guests of Christina\u2019s Cottage say it best. [\/vc_column_text][\/vc_column][\/vc_row][vc_row][vc_column offset=&#8221;vc_hidden-lg vc_hidden-md vc_hidden-sm&#8221;][vc_column_text css_animation=&#8221;appear&#8221; css=&#8221;&#8221;] Don\u2019t take our word for it. Guests of Christina\u2019s Cottage say it best. [\/vc_column_text][\/vc_column][\/vc_row][vc_row][vc_column][vc_column_text css=&#8221;&#8221;][\/vc_column_text][\/vc_column][\/vc_row]<\/p>\n","protected":false},"author":1,"featured_media":0,"parent":0,"menu_order":0,"comment_status":"closed","ping_status":"closed","template":"","meta":{"footnotes":""},"class_list":["post-423","page","type-page","status-publish","hentry","","tg-column-two"],"_links":{"self":[{"href":"https:\/\/www.skopelos.net\/christina\/wp-json\/wp\/v2\/pages\/423","targetHints":{"allow":["GET"]}}],"collection":[{"href":"https:\/\/www.skopelos.net\/christina\/wp-json\/wp\/v2\/pages"}],"about":[{"href":"https:\/\/www.skopelos.net\/christina\/wp-json\/wp\/v2\/types\/page"}],"author":[{"embeddable":true,"href":"https:\/\/www.skopelos.net\/christina\/wp-json\/wp\/v2\/users\/1"}],"replies":[{"embeddable":true,"href":"https:\/\/www.skopelos.net\/christina\/wp-json\/wp\/v2\/comments?post=423"}],"version-history":[{"count":16,"href":"https:\/\/www.skopelos.net\/christina\/wp-json\/wp\/v2\/pages\/423\/revisions"}],"predecessor-version":[{"id":533,"href":"https:\/\/www.skopelos.net\/christina\/wp-json\/wp\/v2\/pages\/423\/revisions\/533"}],"wp:attachment":[{"href":"https:\/\/www.skopelos.net\/christina\/wp-json\/wp\/v2\/media?parent=423"}],"curies":[{"name":"wp","href":"https:\/\/api.w.org\/{rel}","templated":true}]}}